{"id":32,"date":"2024-12-27T14:56:21","date_gmt":"2024-12-27T13:56:21","guid":{"rendered":"https:\/\/beatricefatoux.com\/?page_id=32"},"modified":"2025-10-03T16:58:39","modified_gmt":"2025-10-03T14:58:39","slug":"soutien-holistique-et-accompagnement-spirituel","status":"publish","type":"page","link":"https:\/\/beatricefatoux.com\/","title":{"rendered":"Th\u00e9rapeute holistique"},"content":{"rendered":"\n<p id=\"block-b12bc3b2-d899-4b28-add0-7c834b345be8\">Je suis B\u00e9atrice Fatoux, th\u00e9rapeute holistique et travailleuse sociale, passionn\u00e9e par l&rsquo;accompagnement et la psychologie depuis ma jeunesse. J&rsquo;aime particuli\u00e8rement aider les personnes qui sont sur un chemin de gu\u00e9rison ou cherchent \u00e0 se reconnecter \u00e0 leur essence profonde. Forte de plusieurs ann\u00e9es d&rsquo;exp\u00e9rience, je vous propose un accompagnement personnalis\u00e9 alliant l&rsquo;Hypnose Transpersonnelle\u00ae (spirituelle, r\u00e9gressive) , les soins et guidances \u00e9nerg\u00e9tiques\/spirituelles (tirages de cartes de tarot et d&rsquo;oracles), afin de vous offrir des cl\u00e9s de compr\u00e9hension et de changement pour votre bien-\u00eatre, mais aussi des transformations imm\u00e9diates (lib\u00e9ration \u00e9motionnelle, soulagement des maux, regain d&rsquo;\u00e9nergie et de joie de vivre).<\/p>\n\n\n\n<h2 class=\"wp-block-heading has-accent-color has-text-color has-link-color wp-elements-f96b3d0558bc67ca456c3d909c8bf5f2\" id=\"block-e76f63e5-6016-4ea1-b1b8-d9b4ccf1ce41\">Vous \u00eates au bon endroit si vous recherchez<\/h2>\n\n\n<div class=\"wp-block-image is-style-rounded\">\n<figure class=\"alignright size-full is-resized\"><img loading=\"lazy\" decoding=\"async\" width=\"768\" height=\"1024\" src=\"https:\/\/beatricefatoux.com\/wp-content\/uploads\/2024\/12\/image.png\" alt=\"Photo portrait de b\u00e9atrice fatoux accompagnement spirituel et soutien holistique\" class=\"wp-image-41\" style=\"object-fit:cover;width:116px;height:auto\" srcset=\"https:\/\/beatricefatoux.com\/wp-content\/uploads\/2024\/12\/image.png 768w, https:\/\/beatricefatoux.com\/wp-content\/uploads\/2024\/12\/image-225x300.png 225w\" sizes=\"auto, (max-width: 768px) 100vw, 768px\" \/><\/figure>\n<\/div>\n\n\n<ul id=\"block-99f3100c-c617-4aba-89da-40b9c7643fd0\" class=\"wp-block-list\">\n<li>Une am\u00e9lioration de votre bien-\u00eatre g\u00e9n\u00e9ral (professionnel, personnel, relationnel, familial)<\/li>\n\n\n\n<li>Un soulagement de vos douleurs chroniques<\/li>\n\n\n\n<li>Une diminution et une meilleure gestion du stress <\/li>\n\n\n\n<li>Un<strong> <\/strong>\u00e9quilibre \u00e9motionnel et une gu\u00e9rison psychologique<\/li>\n\n\n\n<li>Une fa\u00e7on d&rsquo;\u00eatre dans la pr\u00e9vention et le maintien de votre sant\u00e9<\/li>\n\n\n\n<li>Un accompagnement spirituel qui donne du sens \u00e0 votre existence<\/li>\n\n\n\n<li>Une alternative compl\u00e9mentaire aux traitements m\u00e9dicaux conventionnels. <\/li>\n<\/ul>\n\n\n\n<blockquote class=\"wp-block-quote is-layout-flow wp-block-quote-is-layout-flow\">\n<p class=\"has-accent-color has-text-color has-link-color has-small-font-size wp-elements-20f67b89c95247ad93e9e0907b6b72a0\">\u00ab&nbsp;Vous \u00eates ma\u00eetre de votre vie, qu\u2019importe votre prison, vous en avez les cl\u00e9s.&nbsp;\u00bb&nbsp;<em> Dala\u00ef Lama<\/em>.<\/p>\n<\/blockquote>\n\n\n\n<p id=\"block-b12bc3b2-d899-4b28-add0-7c834b345be8\">Les approches que j&rsquo;utilise sont int\u00e9gratives et prennent en compte les diff\u00e9rents aspects qui composent votre \u00eatre (corps, coeur, \u00e2me, esprit). A l\u2019\u00e9coute, je vous guide vers vos r\u00e9ponses et vos ressources personnelles int\u00e9rieures. Je vous accompagne vers l\u2019autonomie \u00e9motionnelle, relationnelle, \u00e9nerg\u00e9tique et spirituelle.<br><br>Mon \u00e9nergie de passeuse d&rsquo;\u00e2mes facilite vos transitions de vie et favorise les d\u00e9blocages \u00e9nerg\u00e9tiques. Je lis et travaille sur vos \u00e9nergies, vos sch\u00e9mas, vos incarnations, votre karma, vos croyances limitantes. Je vous d\u00e9livre les messages importants pour votre \u00e9volution dans la vie que vous menez ici et maintenant.<\/p>\n\n\n\n<p>Je travaille beaucoup \u00e0 distance, mais je peux \u00e9galement vous recevoir \u00e0 mon cabinet sur la c\u00f4te basque. <\/p>\n\n\n\n<p class=\"has-text-color has-link-color wp-elements-61e0a75c43d496840152204beaf2de7f\" id=\"block-43988165-4059-40cb-b2c3-a3d27d594e29\" style=\"color:#0e828f\"><\/p>\n\n\n\n<p class=\"has-accent-color has-text-color has-link-color wp-elements-c1f2064d41ab3ff8719411fda530326d\" id=\"block-f5a7e6b3-ca15-481b-8819-2f6928ff7e1b\"><strong>Ma d\u00e9marche est simple : vous guider et vous soutenir avec douceur, bienveillance et professionnalisme pour vous aider \u00e0 retrouver l&rsquo;harmonie int\u00e9rieure et un \u00e9quilibre dans votre vie.<\/strong><\/p>\n\n\n\n<div class=\"wp-block-buttons is-content-justification-center is-layout-flex wp-container-core-buttons-is-layout-062f0008 wp-block-buttons-is-layout-flex\">\n<div class=\"wp-block-button\"><a class=\"wp-block-button__link has-text-color has-background has-link-color has-text-align-center wp-element-button\" style=\"border-radius:14px;color:#17707a;background-color:#fff1eb\"><strong>R\u00e9server une s\u00e9ance<\/strong>: 0614248259<\/a><\/div>\n<\/div>\n\n\n\n<p>Sur les r\u00e9seaux, suivez mes inspirations et partages via <strong><em>Histoires d&rsquo;\u00e2mes<\/em><\/strong>, et rejoignez une communaut\u00e9 bienveillante et pleine d&#8217;empathie pour participer \u00e0 des projets lumineux!<\/p>\n\n\n\n<ul class=\"wp-block-social-links aligncenter has-icon-color has-icon-background-color is-layout-flex wp-block-social-links-is-layout-flex\"><li style=\"color:#0b4f56;background-color:#fff3ee;\" class=\"wp-social-link wp-social-link-facebook  wp-block-social-link\"><a rel=\"noopener nofollow\" target=\"_blank\" href=\"https:\/\/www.facebook.com\/beatricefatoux64\/\" class=\"wp-block-social-link-anchor\"><svg width=\"24\" height=\"24\" viewBox=\"0 0 24 24\" version=\"1.1\" xmlns=\"http:\/\/www.w3.org\/2000\/svg\" aria-hidden=\"true\" focusable=\"false\"><path d=\"M12 2C6.5 2 2 6.5 2 12c0 5 3.7 9.1 8.4 9.9v-7H7.9V12h2.5V9.8c0-2.5 1.5-3.9 3.8-3.9 1.1 0 2.2.2 2.2.2v2.5h-1.3c-1.2 0-1.6.8-1.6 1.6V12h2.8l-.4 2.9h-2.3v7C18.3 21.1 22 17 22 12c0-5.5-4.5-10-10-10z\"><\/path><\/svg><span class=\"wp-block-social-link-label screen-reader-text\">Facebook<\/span><\/a><\/li>\n\n<li style=\"color:#0b4f56;background-color:#fff3ee;\" class=\"wp-social-link wp-social-link-instagram  wp-block-social-link\"><a rel=\"noopener nofollow\" target=\"_blank\" href=\"https:\/\/www.instagram.com\/histoires.d.ames\/\" class=\"wp-block-social-link-anchor\"><svg width=\"24\" height=\"24\" viewBox=\"0 0 24 24\" version=\"1.1\" xmlns=\"http:\/\/www.w3.org\/2000\/svg\" aria-hidden=\"true\" focusable=\"false\"><path d=\"M12,4.622c2.403,0,2.688,0.009,3.637,0.052c0.877,0.04,1.354,0.187,1.671,0.31c0.42,0.163,0.72,0.358,1.035,0.673 c0.315,0.315,0.51,0.615,0.673,1.035c0.123,0.317,0.27,0.794,0.31,1.671c0.043,0.949,0.052,1.234,0.052,3.637 s-0.009,2.688-0.052,3.637c-0.04,0.877-0.187,1.354-0.31,1.671c-0.163,0.42-0.358,0.72-0.673,1.035 c-0.315,0.315-0.615,0.51-1.035,0.673c-0.317,0.123-0.794,0.27-1.671,0.31c-0.949,0.043-1.233,0.052-3.637,0.052 s-2.688-0.009-3.637-0.052c-0.877-0.04-1.354-0.187-1.671-0.31c-0.42-0.163-0.72-0.358-1.035-0.673 c-0.315-0.315-0.51-0.615-0.673-1.035c-0.123-0.317-0.27-0.794-0.31-1.671C4.631,14.688,4.622,14.403,4.622,12 s0.009-2.688,0.052-3.637c0.04-0.877,0.187-1.354,0.31-1.671c0.163-0.42,0.358-0.72,0.673-1.035 c0.315-0.315,0.615-0.51,1.035-0.673c0.317-0.123,0.794-0.27,1.671-0.31C9.312,4.631,9.597,4.622,12,4.622 M12,3 C9.556,3,9.249,3.01,8.289,3.054C7.331,3.098,6.677,3.25,6.105,3.472C5.513,3.702,5.011,4.01,4.511,4.511 c-0.5,0.5-0.808,1.002-1.038,1.594C3.25,6.677,3.098,7.331,3.054,8.289C3.01,9.249,3,9.556,3,12c0,2.444,0.01,2.751,0.054,3.711 c0.044,0.958,0.196,1.612,0.418,2.185c0.23,0.592,0.538,1.094,1.038,1.594c0.5,0.5,1.002,0.808,1.594,1.038 c0.572,0.222,1.227,0.375,2.185,0.418C9.249,20.99,9.556,21,12,21s2.751-0.01,3.711-0.054c0.958-0.044,1.612-0.196,2.185-0.418 c0.592-0.23,1.094-0.538,1.594-1.038c0.5-0.5,0.808-1.002,1.038-1.594c0.222-0.572,0.375-1.227,0.418-2.185 C20.99,14.751,21,14.444,21,12s-0.01-2.751-0.054-3.711c-0.044-0.958-0.196-1.612-0.418-2.185c-0.23-0.592-0.538-1.094-1.038-1.594 c-0.5-0.5-1.002-0.808-1.594-1.038c-0.572-0.222-1.227-0.375-2.185-0.418C14.751,3.01,14.444,3,12,3L12,3z M12,7.378 c-2.552,0-4.622,2.069-4.622,4.622S9.448,16.622,12,16.622s4.622-2.069,4.622-4.622S14.552,7.378,12,7.378z M12,15 c-1.657,0-3-1.343-3-3s1.343-3,3-3s3,1.343,3,3S13.657,15,12,15z M16.804,6.116c-0.596,0-1.08,0.484-1.08,1.08 s0.484,1.08,1.08,1.08c0.596,0,1.08-0.484,1.08-1.08S17.401,6.116,16.804,6.116z\"><\/path><\/svg><span class=\"wp-block-social-link-label screen-reader-text\">Instagram<\/span><\/a><\/li>\n\n<li style=\"color:#0b4f56;background-color:#fff3ee;\" class=\"wp-social-link wp-social-link-tiktok  wp-block-social-link\"><a rel=\"noopener nofollow\" target=\"_blank\" href=\"https:\/\/www.tiktok.com\/@bf.histoires.d.ames\" class=\"wp-block-social-link-anchor\"><svg width=\"24\" height=\"24\" viewBox=\"0 0 32 32\" version=\"1.1\" xmlns=\"http:\/\/www.w3.org\/2000\/svg\" aria-hidden=\"true\" focusable=\"false\"><path d=\"M16.708 0.027c1.745-0.027 3.48-0.011 5.213-0.027 0.105 2.041 0.839 4.12 2.333 5.563 1.491 1.479 3.6 2.156 5.652 2.385v5.369c-1.923-0.063-3.855-0.463-5.6-1.291-0.76-0.344-1.468-0.787-2.161-1.24-0.009 3.896 0.016 7.787-0.025 11.667-0.104 1.864-0.719 3.719-1.803 5.255-1.744 2.557-4.771 4.224-7.88 4.276-1.907 0.109-3.812-0.411-5.437-1.369-2.693-1.588-4.588-4.495-4.864-7.615-0.032-0.667-0.043-1.333-0.016-1.984 0.24-2.537 1.495-4.964 3.443-6.615 2.208-1.923 5.301-2.839 8.197-2.297 0.027 1.975-0.052 3.948-0.052 5.923-1.323-0.428-2.869-0.308-4.025 0.495-0.844 0.547-1.485 1.385-1.819 2.333-0.276 0.676-0.197 1.427-0.181 2.145 0.317 2.188 2.421 4.027 4.667 3.828 1.489-0.016 2.916-0.88 3.692-2.145 0.251-0.443 0.532-0.896 0.547-1.417 0.131-2.385 0.079-4.76 0.095-7.145 0.011-5.375-0.016-10.735 0.025-16.093z\" \/><\/svg><span class=\"wp-block-social-link-label screen-reader-text\">TikTok<\/span><\/a><\/li>\n\n<li style=\"color:#0b4f56;background-color:#fff3ee;\" class=\"wp-social-link wp-social-link-linkedin  wp-block-social-link\"><a rel=\"noopener nofollow\" target=\"_blank\" href=\"https:\/\/fr.linkedin.com\/in\/b%C3%A9atrice-fatoux-7772326a\" class=\"wp-block-social-link-anchor\"><svg width=\"24\" height=\"24\" viewBox=\"0 0 24 24\" version=\"1.1\" xmlns=\"http:\/\/www.w3.org\/2000\/svg\" aria-hidden=\"true\" focusable=\"false\"><path d=\"M19.7,3H4.3C3.582,3,3,3.582,3,4.3v15.4C3,20.418,3.582,21,4.3,21h15.4c0.718,0,1.3-0.582,1.3-1.3V4.3 C21,3.582,20.418,3,19.7,3z M8.339,18.338H5.667v-8.59h2.672V18.338z M7.004,8.574c-0.857,0-1.549-0.694-1.549-1.548 c0-0.855,0.691-1.548,1.549-1.548c0.854,0,1.547,0.694,1.547,1.548C8.551,7.881,7.858,8.574,7.004,8.574z M18.339,18.338h-2.669 v-4.177c0-0.996-0.017-2.278-1.387-2.278c-1.389,0-1.601,1.086-1.601,2.206v4.249h-2.667v-8.59h2.559v1.174h0.037 c0.356-0.675,1.227-1.387,2.526-1.387c2.703,0,3.203,1.779,3.203,4.092V18.338z\"><\/path><\/svg><span class=\"wp-block-social-link-label screen-reader-text\">LinkedIn<\/span><\/a><\/li>\n\n<li style=\"color:#0b4f56;background-color:#fff3ee;\" class=\"wp-social-link wp-social-link-youtube  wp-block-social-link\"><a rel=\"noopener nofollow\" target=\"_blank\" href=\"https:\/\/www.youtube.com\/@beatricefatoux\" class=\"wp-block-social-link-anchor\"><svg width=\"24\" height=\"24\" viewBox=\"0 0 24 24\" version=\"1.1\" xmlns=\"http:\/\/www.w3.org\/2000\/svg\" aria-hidden=\"true\" focusable=\"false\"><path d=\"M21.8,8.001c0,0-0.195-1.378-0.795-1.985c-0.76-0.797-1.613-0.801-2.004-0.847c-2.799-0.202-6.997-0.202-6.997-0.202 h-0.009c0,0-4.198,0-6.997,0.202C4.608,5.216,3.756,5.22,2.995,6.016C2.395,6.623,2.2,8.001,2.2,8.001S2,9.62,2,11.238v1.517 c0,1.618,0.2,3.237,0.2,3.237s0.195,1.378,0.795,1.985c0.761,0.797,1.76,0.771,2.205,0.855c1.6,0.153,6.8,0.201,6.8,0.201 s4.203-0.006,7.001-0.209c0.391-0.047,1.243-0.051,2.004-0.847c0.6-0.607,0.795-1.985,0.795-1.985s0.2-1.618,0.2-3.237v-1.517 C22,9.62,21.8,8.001,21.8,8.001z M9.935,14.594l-0.001-5.62l5.404,2.82L9.935,14.594z\"><\/path><\/svg><span class=\"wp-block-social-link-label screen-reader-text\">YouTube<\/span><\/a><\/li><\/ul>\n\n\n<div class=\"wp-block-image\">\n<figure class=\"aligncenter size-full is-resized\"><img loading=\"lazy\" decoding=\"async\" width=\"1080\" height=\"1080\" src=\"http:\/\/beatricefatoux.com\/wp-content\/uploads\/2024\/12\/Beatrice-Fatoux-histoires-dames-soutien-holistique-et-accompagnement-spirituel-et-energetique.png\" alt=\"Logo de b\u00e9atrice fatoux soutien holistique accompagnement spirituel et \u00e9nerg\u00e9tique avec une libellule, la lune\" class=\"wp-image-50\" style=\"width:344px;height:auto\" srcset=\"https:\/\/beatricefatoux.com\/wp-content\/uploads\/2024\/12\/Beatrice-Fatoux-histoires-dames-soutien-holistique-et-accompagnement-spirituel-et-energetique.png 1080w, https:\/\/beatricefatoux.com\/wp-content\/uploads\/2024\/12\/Beatrice-Fatoux-histoires-dames-soutien-holistique-et-accompagnement-spirituel-et-energetique-300x300.png 300w, https:\/\/beatricefatoux.com\/wp-content\/uploads\/2024\/12\/Beatrice-Fatoux-histoires-dames-soutien-holistique-et-accompagnement-spirituel-et-energetique-1024x1024.png 1024w, https:\/\/beatricefatoux.com\/wp-content\/uploads\/2024\/12\/Beatrice-Fatoux-histoires-dames-soutien-holistique-et-accompagnement-spirituel-et-energetique-150x150.png 150w, https:\/\/beatricefatoux.com\/wp-content\/uploads\/2024\/12\/Beatrice-Fatoux-histoires-dames-soutien-holistique-et-accompagnement-spirituel-et-energetique-768x768.png 768w\" sizes=\"auto, (max-width: 1080px) 100vw, 1080px\" \/><\/figure>\n<\/div>\n\n\n<p><\/p>\n","protected":false},"excerpt":{"rendered":"<p>Je suis B\u00e9atrice Fatoux, th\u00e9rapeute holistique et travailleuse sociale, passionn\u00e9e par l&rsquo;accompagnement et la psychologie depuis ma jeunesse. J&rsquo;aime particuli\u00e8rement aider les personnes qui sont [&#8230;]<\/p>\n","protected":false},"author":1,"featured_media":28,"parent":0,"menu_order":1,"comment_status":"closed","ping_status":"closed","template":"","meta":{"footnotes":""},"class_list":["post-32","page","type-page","status-publish","has-post-thumbnail","hentry"],"_links":{"self":[{"href":"https:\/\/beatricefatoux.com\/index.php?rest_route=\/wp\/v2\/pages\/32","targetHints":{"allow":["GET"]}}],"collection":[{"href":"https:\/\/beatricefatoux.com\/index.php?rest_route=\/wp\/v2\/pages"}],"about":[{"href":"https:\/\/beatricefatoux.com\/index.php?rest_route=\/wp\/v2\/types\/page"}],"author":[{"embeddable":true,"href":"https:\/\/beatricefatoux.com\/index.php?rest_route=\/wp\/v2\/users\/1"}],"replies":[{"embeddable":true,"href":"https:\/\/beatricefatoux.com\/index.php?rest_route=%2Fwp%2Fv2%2Fcomments&post=32"}],"version-history":[{"count":54,"href":"https:\/\/beatricefatoux.com\/index.php?rest_route=\/wp\/v2\/pages\/32\/revisions"}],"predecessor-version":[{"id":479,"href":"https:\/\/beatricefatoux.com\/index.php?rest_route=\/wp\/v2\/pages\/32\/revisions\/479"}],"wp:featuredmedia":[{"embeddable":true,"href":"https:\/\/beatricefatoux.com\/index.php?rest_route=\/wp\/v2\/media\/28"}],"wp:attachment":[{"href":"https:\/\/beatricefatoux.com\/index.php?rest_route=%2Fwp%2Fv2%2Fmedia&parent=32"}],"curies":[{"name":"wp","href":"https:\/\/api.w.org\/{rel}","templated":true}]}}